{"id":5,"date":"2017-03-23T08:42:38","date_gmt":"2017-03-23T08:42:38","guid":{"rendered":"http:\/\/prorange.ancorathemes.com\/?page_id=5"},"modified":"2025-01-13T16:28:09","modified_gmt":"2025-01-13T14:28:09","slug":"residential","status":"publish","type":"page","link":"https:\/\/metallbau-maurer.eu\/?page_id=5","title":{"rendered":"Leistungen"},"content":{"rendered":"<p>[vc_row full_width=&#8221;stretch_row&#8221; css=&#8221;.vc_custom_1490370652812{background-image: url(https:\/\/metallbau-maurer.eu\/wp-content\/uploads\/2017\/02\/bg-12.jpg?id=299) !important;background-position: center !important;background-repeat: no-repeat !important;background-size: cover !important;}&#8221;][vc_column width=&#8221;1\/2&#8243;][vc_empty_space alter_height=&#8221;huge&#8221; hide_on_mobile=&#8221;&#8221; css=&#8221;.vc_custom_1493907685911{margin-top: -0.3rem !important;}&#8221;]<div id=\"sc_title_1531660299\"\n\t\tclass=\"sc_title sc_title_default\"><h1 class=\"sc_item_title sc_title_title sc_align_left sc_item_title_style_default sc_item_title_tag\">Unsere Leistungen<\/h1><\/div><!-- \/.sc_title -->[vc_empty_space alter_height=&#8221;small&#8221; hide_on_mobile=&#8221;&#8221;][vc_column_text]Egal ob Gel\u00e4nder, Vord\u00e4cher, Garagentore, T\u00fcrchen, Uhren, Garderoben, Tische, B\u00e4nke, Fenstergitter, \u00dcberdachungen, Treppen oder Z\u00e4une. Wir stellen alles individuell f\u00fcr Sie her.<\/p>\n<p>Wir montieren auch Bauelemente wie Garagentore und T\u00fcren.<\/p>\n<p>Eine Auswahl an Bildern von bereits erstellten Projekten finden Sie weiter unten.<\/p>\n<p>Viel Spass beim St\u00f6bern.<\/p>\n<p>\u00dcber eine Anfrage von Ihnen w\u00fcrden wir uns freuen um Ihnen ein Angebot f\u00fcr Ihr individuelles Bauwerk zu erstellen.[\/vc_column_text][vc_empty_space alter_height=&#8221;huge&#8221; hide_on_mobile=&#8221;&#8221; css=&#8221;.vc_custom_1493907391655{margin-top: -1.1rem !important;}&#8221;][\/vc_column][vc_column width=&#8221;1\/2&#8243;][\/vc_column][\/vc_row][vc_row][vc_column][vc_empty_space alter_height=&#8221;huge&#8221; hide_on_mobile=&#8221;&#8221; css=&#8221;.vc_custom_1493907736127{margin-top: -1rem !important;}&#8221;]<div id=\"sc_services_1029712326\" class=\"sc_services sc_services_default sc_services_featured_top\"><h2 class=\"sc_item_title sc_services_title sc_align_center sc_item_title_style_default sc_item_title_tag\">abgeschlossene Projekte<\/h2><div class=\"sc_services_columns sc_item_columns sc_item_columns_3 trx_addons_columns_wrap columns_padding_bottom\"><div class=\"trx_addons_column-1_3\"><div class=\"sc_services_item without_content with_image sc_services_item_featured_top\">\n\t<div class=\"post_featured with_thumb hover_dots sc_services_item_thumb\"><img loading=\"lazy\" decoding=\"async\" width=\"740\" height=\"522\" src=\"https:\/\/metallbau-maurer.eu\/wp-content\/uploads\/2021\/05\/04d78d19-79a3-48f6-957b-b7c9a7b5102a-740x522.jpg\" class=\"attachment-prorange-thumb-med size-prorange-thumb-med wp-post-image\" alt=\"\" \/>\t\t\t\t\t\t<div class=\"mask\"><\/div>\n\t\t\t\t\t\t<a href=\"https:\/\/metallbau-maurer.eu\/?cpt_services=zaeune\" aria-hidden=\"true\" class=\"icons\"><span><\/span><span><\/span><span><\/span><\/a><\/div>\t\n\t<div class=\"sc_services_item_info\">\n\t\t<div class=\"sc_services_item_header\">\n\t\t\t<h5 class=\"sc_services_item_title\"><a href=\"https:\/\/metallbau-maurer.eu\/?cpt_services=zaeune\">Z\u00e4une<\/a><\/h5>\n\t\t<\/div>\n\t\t\t<\/div>\n<\/div>\n<\/div><div class=\"trx_addons_column-1_3\"><div class=\"sc_services_item without_content with_image sc_services_item_featured_top\">\n\t<span class=\"sc_services_item_number\">2<\/span>\t\n\t<div class=\"sc_services_item_info\">\n\t\t<div class=\"sc_services_item_header\">\n\t\t\t<h5 class=\"sc_services_item_title\"><a href=\"https:\/\/metallbau-maurer.eu\/?cpt_services=treppen\">Treppen<\/a><\/h5>\n\t\t<\/div>\n\t\t\t<\/div>\n<\/div>\n<\/div><div class=\"trx_addons_column-1_3\"><div class=\"sc_services_item without_content with_image sc_services_item_featured_top\">\n\t<div class=\"post_featured with_thumb hover_dots sc_services_item_thumb\"><img loading=\"lazy\" decoding=\"async\" width=\"740\" height=\"522\" src=\"https:\/\/metallbau-maurer.eu\/wp-content\/uploads\/2021\/05\/ee80ff70-7345-4a78-9799-4697e65f653f-740x522.jpg\" class=\"attachment-prorange-thumb-med size-prorange-thumb-med wp-post-image\" alt=\"\" \/>\t\t\t\t\t\t<div class=\"mask\"><\/div>\n\t\t\t\t\t\t<a href=\"https:\/\/metallbau-maurer.eu\/?cpt_services=ueberdachungen\" aria-hidden=\"true\" class=\"icons\"><span><\/span><span><\/span><span><\/span><\/a><\/div>\t\n\t<div class=\"sc_services_item_info\">\n\t\t<div class=\"sc_services_item_header\">\n\t\t\t<h5 class=\"sc_services_item_title\"><a href=\"https:\/\/metallbau-maurer.eu\/?cpt_services=ueberdachungen\">\u00dcberdachungen<\/a><\/h5>\n\t\t<\/div>\n\t\t\t<\/div>\n<\/div>\n<\/div><div class=\"trx_addons_column-1_3\"><div class=\"sc_services_item without_content with_image sc_services_item_featured_top\">\n\t<div class=\"post_featured with_thumb hover_dots sc_services_item_thumb\"><img loading=\"lazy\" decoding=\"async\" width=\"740\" height=\"522\" src=\"https:\/\/metallbau-maurer.eu\/wp-content\/uploads\/2021\/05\/032ae1c1-4852-47be-a90d-ee9ae67379b6-740x522.jpg\" class=\"attachment-prorange-thumb-med size-prorange-thumb-med wp-post-image\" alt=\"\" \/>\t\t\t\t\t\t<div class=\"mask\"><\/div>\n\t\t\t\t\t\t<a href=\"https:\/\/metallbau-maurer.eu\/?cpt_services=fenstergitter\" aria-hidden=\"true\" class=\"icons\"><span><\/span><span><\/span><span><\/span><\/a><\/div>\t\n\t<div class=\"sc_services_item_info\">\n\t\t<div class=\"sc_services_item_header\">\n\t\t\t<h5 class=\"sc_services_item_title\"><a href=\"https:\/\/metallbau-maurer.eu\/?cpt_services=fenstergitter\">Fenstergitter<\/a><\/h5>\n\t\t<\/div>\n\t\t\t<\/div>\n<\/div>\n<\/div><div class=\"trx_addons_column-1_3\"><div class=\"sc_services_item without_content with_image sc_services_item_featured_top\">\n\t<div class=\"post_featured with_thumb hover_dots sc_services_item_thumb\"><img loading=\"lazy\" decoding=\"async\" width=\"740\" height=\"522\" src=\"https:\/\/metallbau-maurer.eu\/wp-content\/uploads\/2021\/05\/77188b0f-614b-45fd-ac72-fb086cdb2cbc-740x522.jpg\" class=\"attachment-prorange-thumb-med size-prorange-thumb-med wp-post-image\" alt=\"\" \/>\t\t\t\t\t\t<div class=\"mask\"><\/div>\n\t\t\t\t\t\t<a href=\"https:\/\/metallbau-maurer.eu\/?cpt_services=baenke\" aria-hidden=\"true\" class=\"icons\"><span><\/span><span><\/span><span><\/span><\/a><\/div>\t\n\t<div class=\"sc_services_item_info\">\n\t\t<div class=\"sc_services_item_header\">\n\t\t\t<h5 class=\"sc_services_item_title\"><a href=\"https:\/\/metallbau-maurer.eu\/?cpt_services=baenke\">B\u00e4nke<\/a><\/h5>\n\t\t<\/div>\n\t\t\t<\/div>\n<\/div>\n<\/div><div class=\"trx_addons_column-1_3\"><div class=\"sc_services_item without_content with_image sc_services_item_featured_top\">\n\t<div class=\"post_featured with_thumb hover_dots sc_services_item_thumb\"><img loading=\"lazy\" decoding=\"async\" width=\"740\" height=\"522\" src=\"https:\/\/metallbau-maurer.eu\/wp-content\/uploads\/2021\/05\/aecc5d3b-2bb6-47dd-9bf4-0fb5e1823f5e-740x522.jpg\" class=\"attachment-prorange-thumb-med size-prorange-thumb-med wp-post-image\" alt=\"\" \/>\t\t\t\t\t\t<div class=\"mask\"><\/div>\n\t\t\t\t\t\t<a href=\"https:\/\/metallbau-maurer.eu\/?cpt_services=tische\" aria-hidden=\"true\" class=\"icons\"><span><\/span><span><\/span><span><\/span><\/a><\/div>\t\n\t<div class=\"sc_services_item_info\">\n\t\t<div class=\"sc_services_item_header\">\n\t\t\t<h5 class=\"sc_services_item_title\"><a href=\"https:\/\/metallbau-maurer.eu\/?cpt_services=tische\">Tische<\/a><\/h5>\n\t\t<\/div>\n\t\t\t<\/div>\n<\/div>\n<\/div><div class=\"trx_addons_column-1_3\"><div class=\"sc_services_item without_content with_image sc_services_item_featured_top\">\n\t<div class=\"post_featured with_thumb hover_dots sc_services_item_thumb\"><img loading=\"lazy\" decoding=\"async\" width=\"740\" height=\"522\" src=\"https:\/\/metallbau-maurer.eu\/wp-content\/uploads\/2021\/05\/f6d9a37b-ac28-428b-8d59-b39016556e48-740x522.jpg\" class=\"attachment-prorange-thumb-med size-prorange-thumb-med wp-post-image\" alt=\"\" \/>\t\t\t\t\t\t<div class=\"mask\"><\/div>\n\t\t\t\t\t\t<a href=\"https:\/\/metallbau-maurer.eu\/?cpt_services=garderoben\" aria-hidden=\"true\" class=\"icons\"><span><\/span><span><\/span><span><\/span><\/a><\/div>\t\n\t<div class=\"sc_services_item_info\">\n\t\t<div class=\"sc_services_item_header\">\n\t\t\t<h5 class=\"sc_services_item_title\"><a href=\"https:\/\/metallbau-maurer.eu\/?cpt_services=garderoben\">Garderoben<\/a><\/h5>\n\t\t<\/div>\n\t\t\t<\/div>\n<\/div>\n<\/div><div class=\"trx_addons_column-1_3\"><div class=\"sc_services_item without_content with_image sc_services_item_featured_top\">\n\t<div class=\"post_featured with_thumb hover_dots sc_services_item_thumb\"><img loading=\"lazy\" decoding=\"async\" width=\"740\" height=\"522\" src=\"https:\/\/metallbau-maurer.eu\/wp-content\/uploads\/2021\/05\/819cfac3-d3bf-485c-929f-fa2a7893c0d8-740x522.jpg\" class=\"attachment-prorange-thumb-med size-prorange-thumb-med wp-post-image\" alt=\"\" \/>\t\t\t\t\t\t<div class=\"mask\"><\/div>\n\t\t\t\t\t\t<a href=\"https:\/\/metallbau-maurer.eu\/?cpt_services=uhren\" aria-hidden=\"true\" class=\"icons\"><span><\/span><span><\/span><span><\/span><\/a><\/div>\t\n\t<div class=\"sc_services_item_info\">\n\t\t<div class=\"sc_services_item_header\">\n\t\t\t<h5 class=\"sc_services_item_title\"><a href=\"https:\/\/metallbau-maurer.eu\/?cpt_services=uhren\">Uhren<\/a><\/h5>\n\t\t<\/div>\n\t\t\t<\/div>\n<\/div>\n<\/div><div class=\"trx_addons_column-1_3\"><div class=\"sc_services_item without_content with_image sc_services_item_featured_top\">\n\t<div class=\"post_featured with_thumb hover_dots sc_services_item_thumb\"><img loading=\"lazy\" decoding=\"async\" width=\"740\" height=\"522\" src=\"https:\/\/metallbau-maurer.eu\/wp-content\/uploads\/2021\/05\/757e06aa-4286-4b45-ad02-c08b18b8bb90-740x522.jpg\" class=\"attachment-prorange-thumb-med size-prorange-thumb-med wp-post-image\" alt=\"\" \/>\t\t\t\t\t\t<div class=\"mask\"><\/div>\n\t\t\t\t\t\t<a href=\"https:\/\/metallbau-maurer.eu\/?cpt_services=tuerchen\" aria-hidden=\"true\" class=\"icons\"><span><\/span><span><\/span><span><\/span><\/a><\/div>\t\n\t<div class=\"sc_services_item_info\">\n\t\t<div class=\"sc_services_item_header\">\n\t\t\t<h5 class=\"sc_services_item_title\"><a href=\"https:\/\/metallbau-maurer.eu\/?cpt_services=tuerchen\">T\u00fcrchen<\/a><\/h5>\n\t\t<\/div>\n\t\t\t<\/div>\n<\/div>\n<\/div><div class=\"trx_addons_column-1_3\"><div class=\"sc_services_item without_content with_image sc_services_item_featured_top\">\n\t<div class=\"post_featured with_thumb hover_dots sc_services_item_thumb\"><img loading=\"lazy\" decoding=\"async\" width=\"740\" height=\"522\" src=\"https:\/\/metallbau-maurer.eu\/wp-content\/uploads\/2017\/03\/4d6ae875-4dcd-4075-b9eb-bd54114391ab-740x522.jpg\" class=\"attachment-prorange-thumb-med size-prorange-thumb-med wp-post-image\" alt=\"\" \/>\t\t\t\t\t\t<div class=\"mask\"><\/div>\n\t\t\t\t\t\t<a href=\"https:\/\/metallbau-maurer.eu\/?cpt_services=interior-painting\" aria-hidden=\"true\" class=\"icons\"><span><\/span><span><\/span><span><\/span><\/a><\/div>\t\n\t<div class=\"sc_services_item_info\">\n\t\t<div class=\"sc_services_item_header\">\n\t\t\t<h5 class=\"sc_services_item_title\"><a href=\"https:\/\/metallbau-maurer.eu\/?cpt_services=interior-painting\">Gel\u00e4nder<\/a><\/h5>\n\t\t<\/div>\n\t\t\t<\/div>\n<\/div>\n<\/div><div class=\"trx_addons_column-1_3\"><div class=\"sc_services_item without_content with_image sc_services_item_featured_top\">\n\t<div class=\"post_featured with_thumb hover_dots sc_services_item_thumb\"><img loading=\"lazy\" decoding=\"async\" width=\"740\" height=\"522\" src=\"https:\/\/metallbau-maurer.eu\/wp-content\/uploads\/2017\/03\/06f92248-744b-44e7-ba68-f975497e6218-740x522.jpg\" class=\"attachment-prorange-thumb-med size-prorange-thumb-med wp-post-image\" alt=\"\" \/>\t\t\t\t\t\t<div class=\"mask\"><\/div>\n\t\t\t\t\t\t<a href=\"https:\/\/metallbau-maurer.eu\/?cpt_services=exterior-painting\" aria-hidden=\"true\" class=\"icons\"><span><\/span><span><\/span><span><\/span><\/a><\/div>\t\n\t<div class=\"sc_services_item_info\">\n\t\t<div class=\"sc_services_item_header\">\n\t\t\t<h5 class=\"sc_services_item_title\"><a href=\"https:\/\/metallbau-maurer.eu\/?cpt_services=exterior-painting\">Vord\u00e4cher<\/a><\/h5>\n\t\t<\/div>\n\t\t\t<\/div>\n<\/div>\n<\/div><div class=\"trx_addons_column-1_3\"><div class=\"sc_services_item without_content with_image sc_services_item_featured_top\">\n\t<span class=\"sc_services_item_number\">12<\/span>\t\n\t<div class=\"sc_services_item_info\">\n\t\t<div class=\"sc_services_item_header\">\n\t\t\t<h5 class=\"sc_services_item_title\"><a href=\"https:\/\/metallbau-maurer.eu\/?cpt_services=color-consulting\">Garagentore<\/a><\/h5>\n\t\t<\/div>\n\t\t\t<\/div>\n<\/div>\n<\/div><\/div><\/div><!-- \/.sc_services -->[vc_empty_space alter_height=&#8221;medium&#8221; hide_on_mobile=&#8221;&#8221;][vc_empty_space hide_on_mobile=&#8221;&#8221;][\/vc_column][\/vc_row][vc_row full_width=&#8221;stretch_row&#8221; scheme=&#8221;dark&#8221; css=&#8221;.vc_custom_1623056875731{background-image: url(https:\/\/metallbau-maurer.eu\/wp-content\/uploads\/2021\/06\/a3bfd0c1-736a-473f-8739-1d40c46e9590.jpg?id=1555) !important;background-position: center !important;background-repeat: no-repeat !important;background-size: cover !important;}&#8221;][vc_column width=&#8221;7\/12&#8243;][\/vc_column][vc_column width=&#8221;5\/12&#8243;][vc_empty_space alter_height=&#8221;huge&#8221; hide_on_mobile=&#8221;&#8221; css=&#8221;.vc_custom_1493908406670{margin-top: 1rem !important;}&#8221;]<div id=\"sc_title_1804994615\"\n\t\tclass=\"sc_title sc_title_default\"><h1 class=\"sc_item_title sc_title_title sc_align_left sc_item_title_style_default sc_item_title_tag\">Kann es los gehen?<\/h1><\/div><!-- \/.sc_title -->[vc_empty_space alter_height=&#8221;small&#8221; hide_on_mobile=&#8221;&#8221;][vc_column_text]Rufen Sie noch heute f\u00fcr Ihr pers\u00f6nliches<br \/>\nAngebot an <a href=\"tel:06083-9598520\">06083-9598520<\/a>[\/vc_column_text][vc_empty_space alter_height=&#8221;small&#8221; hide_on_mobile=&#8221;&#8221;]<a href=\"https:\/\/metallbau-maurer.eu\/?page_id=43\" id=\"sc_button_106453774\" class=\"sc_button sc_button_default sc_button_size_normal sc_button_icon_left\"><span class=\"sc_button_text\"><span class=\"sc_button_title\">Kontakt<\/span><\/span><!-- \/.sc_button_text --><\/a><!-- \/.sc_button -->[vc_empty_space alter_height=&#8221;huge&#8221; hide_on_mobile=&#8221;&#8221; css=&#8221;.vc_custom_1493908424013{margin-bottom: 1rem !important;}&#8221;][\/vc_column][\/vc_row][vc_row][vc_column][vc_empty_space alter_height=&#8221;huge&#8221; hide_on_mobile=&#8221;&#8221; css=&#8221;.vc_custom_1493908500806{margin-top: -1rem !important;}&#8221;][\/vc_column][\/vc_row]<\/p>\n","protected":false},"excerpt":{"rendered":"<p>[vc_row full_width=&#8221;stretch_row&#8221; css=&#8221;.vc_custom_1490370652812{background-image: url(https:\/\/metallbau-maurer.eu\/wp-content\/uploads\/2017\/02\/bg-12.jpg?id=299) !important;background-position: center !important;background-repeat: no-repeat !important;background-size: cover !important;}&#8221;][vc_column width=&#8221;1\/2&#8243;][vc_empty_space alter_height=&#8221;huge&#8221; hide_on_mobile=&#8221;&#8221; css=&#8221;.vc_custom_1493907685911{margin-top: -0.3rem !important;}&#8221;][vc_empty_space alter_height=&#8221;small&#8221; hide_on_mobile=&#8221;&#8221;][vc_column_text]Egal ob Gel\u00e4nder, Vord\u00e4cher, Garagentore, T\u00fcrchen, Uhren, Garderoben, Tische, B\u00e4nke, Fenstergitter, \u00dcberdachungen, Treppen oder Z\u00e4une. Wir stellen alles individuell f\u00fcr Sie her.&hellip;<\/p>\n","protected":false},"author":1,"featured_media":0,"parent":0,"menu_order":0,"comment_status":"closed","ping_status":"closed","template":"","meta":{"footnotes":""},"class_list":["post-5","page","type-page","status-publish","hentry"],"jetpack_sharing_enabled":true,"_links":{"self":[{"href":"https:\/\/metallbau-maurer.eu\/index.php?rest_route=\/wp\/v2\/pages\/5","targetHints":{"allow":["GET"]}}],"collection":[{"href":"https:\/\/metallbau-maurer.eu\/index.php?rest_route=\/wp\/v2\/pages"}],"about":[{"href":"https:\/\/metallbau-maurer.eu\/index.php?rest_route=\/wp\/v2\/types\/page"}],"author":[{"embeddable":true,"href":"https:\/\/metallbau-maurer.eu\/index.php?rest_route=\/wp\/v2\/users\/1"}],"replies":[{"embeddable":true,"href":"https:\/\/metallbau-maurer.eu\/index.php?rest_route=%2Fwp%2Fv2%2Fcomments&post=5"}],"version-history":[{"count":26,"href":"https:\/\/metallbau-maurer.eu\/index.php?rest_route=\/wp\/v2\/pages\/5\/revisions"}],"predecessor-version":[{"id":1613,"href":"https:\/\/metallbau-maurer.eu\/index.php?rest_route=\/wp\/v2\/pages\/5\/revisions\/1613"}],"wp:attachment":[{"href":"https:\/\/metallbau-maurer.eu\/index.php?rest_route=%2Fwp%2Fv2%2Fmedia&parent=5"}],"curies":[{"name":"wp","href":"https:\/\/api.w.org\/{rel}","templated":true}]}}