{"id":39,"date":"2017-03-23T08:53:19","date_gmt":"2017-03-23T08:53:19","guid":{"rendered":"http:\/\/prorange.ancorathemes.com\/?page_id=39"},"modified":"2025-01-13T16:26:55","modified_gmt":"2025-01-13T14:26:55","slug":"about-1","status":"publish","type":"page","link":"https:\/\/metallbau-maurer.eu\/?page_id=39","title":{"rendered":"\u00dcber uns"},"content":{"rendered":"<p>[vc_row][vc_column][vc_empty_space alter_height=&#8221;huge&#8221; hide_on_mobile=&#8221;&#8221;][vc_column_text]Mit unserer Betriebsgr\u00fcndung zum 01.01.2020 haben wir den Privatkundenbereich der Firma Metallbau Uwe Seck in Bad Camberg &#8211; Oberselters \u00fcbernommen.<\/p>\n<p>Wir sind aber nat\u00fcrlich auch f\u00fcr gewerbliche Kunden da.<\/p>\n<p>Zum dem 01.01.2024 haben wir unseren Standort nach Weilrod-Hasselbach umgezogen.[\/vc_column_text][vc_empty_space alter_height=&#8221;huge&#8221; hide_on_mobile=&#8221;&#8221; css=&#8221;.vc_custom_1493989021003{margin-top: -1rem !important;}&#8221;]<div class=\"sc_team sc_team_short\"><h2 class=\"sc_item_title sc_team_title sc_align_center sc_item_title_style_default sc_item_title_tag\">Das sind wir<\/h2><div class=\"sc_team_columns sc_item_columns trx_addons_columns_wrap columns_padding_bottom\"><div class=\"trx_addons_column-1_3\"><div class=\"sc_team_item\">\n\t<div class=\"post_featured sc_team_item_thumb trx_addons_hover trx_addons_hover_style_info\">\n\t\t\t\t\t\t\t\t\t\t<a href=\"https:\/\/metallbau-maurer.eu\/?cpt_team=simon-davis\" aria-hidden=\"true\"><img loading=\"lazy\" decoding=\"async\" width=\"740\" height=\"800\" src=\"https:\/\/metallbau-maurer.eu\/wp-content\/uploads\/2017\/03\/7faf7a15-b811-47bb-95d5-824f2526bca5-740x800.jpg\" class=\"attachment-prorange-thumb-team size-prorange-thumb-team wp-post-image\" alt=\"Daniel Maurer\" \/><\/a>\n\t\t\t\t\t<div class=\"trx_addons_hover_content\"><div class=\"sc_team_item_socials socials_wrap trx_addons_hover_info\"><a target=\"_blank\" href=\"https:\/\/facebook.com\/metallbaumaurer.eu\" class=\"social_item social_item_style_icons social_item_type_icons\"><span class=\"social_icon social_facebook\"><span class=\"icon-facebook\"><\/span><\/span><\/a><a target=\"_blank\" href=\"https:\/\/www.instagram.com\/maurer010120\/\" class=\"social_item social_item_style_icons social_item_type_icons\"><span class=\"social_icon social_instagramm\"><span class=\"icon-instagramm\"><\/span><\/span><\/a><\/div><\/div><div class=\"trx_addons_hover_mask\"><\/div><\/div>\t<div class=\"sc_team_item_info\">\n\t\t<div class=\"sc_team_item_header\">\n\t\t\t<h4 class=\"sc_team_item_title\"><a href=\"https:\/\/metallbau-maurer.eu\/?cpt_team=simon-davis\">Daniel Maurer<\/a><\/h4>\n\t\t\t<div class=\"sc_team_item_subtitle\">Metallbaumeister<\/div>\n\t\t<\/div>\n\t<\/div>\n<\/div>\n<\/div><div class=\"trx_addons_column-1_3\"><div class=\"sc_team_item\">\n\t<div class=\"post_featured sc_team_item_thumb trx_addons_hover trx_addons_hover_style_info\">\n\t\t\t\t\t\t\t\t\t\t<a href=\"https:\/\/metallbau-maurer.eu\/?cpt_team=aaron-fox\" aria-hidden=\"true\"><img loading=\"lazy\" decoding=\"async\" width=\"740\" height=\"800\" src=\"https:\/\/metallbau-maurer.eu\/wp-content\/uploads\/2017\/03\/3abe0fa0-fd19-432c-9f9e-32649bd94e2b-740x800.jpg\" class=\"attachment-prorange-thumb-team size-prorange-thumb-team wp-post-image\" alt=\"Florian Maurer\" \/><\/a>\n\t\t\t\t\t<div class=\"trx_addons_hover_content\"><div class=\"sc_team_item_socials socials_wrap trx_addons_hover_info\"><a target=\"_blank\" href=\"https:\/\/facebook.com\/metallbaumaurer.eu\" class=\"social_item social_item_style_icons social_item_type_icons\"><span class=\"social_icon social_facebook\"><span class=\"icon-facebook\"><\/span><\/span><\/a><a target=\"_blank\" href=\"https:\/\/www.instagram.com\/maurer010120\/\" class=\"social_item social_item_style_icons social_item_type_icons\"><span class=\"social_icon social_instagramm\"><span class=\"icon-instagramm\"><\/span><\/span><\/a><\/div><\/div><div class=\"trx_addons_hover_mask\"><\/div><\/div>\t<div class=\"sc_team_item_info\">\n\t\t<div class=\"sc_team_item_header\">\n\t\t\t<h4 class=\"sc_team_item_title\"><a href=\"https:\/\/metallbau-maurer.eu\/?cpt_team=aaron-fox\">Florian Maurer<\/a><\/h4>\n\t\t\t<div class=\"sc_team_item_subtitle\">Anlagenmechaniker<\/div>\n\t\t<\/div>\n\t<\/div>\n<\/div>\n<\/div><\/div><div class=\"sc_item_button sc_item_button_default sc_team_button sc_align_center sc_button_wrap sc_align_center\"><a href=\"https:\/\/metallbau-maurer.eu\/?page_id=43\" id=\"sc_button_2112237292\" class=\"sc_button sc_button_default sc_button_size_normal sc_button_icon_left\"><span class=\"sc_button_text\"><span class=\"sc_button_title\">Termin vereinbaren<\/span><\/span><!-- \/.sc_button_text --><\/a><!-- \/.sc_button --><\/div><!-- \/.sc_item_button sc_item_button_default sc_team_button sc_align_center --><\/div><!-- \/.sc_team -->[vc_empty_space alter_height=&#8221;huge&#8221; hide_on_mobile=&#8221;&#8221; css=&#8221;.vc_custom_1493990037544{margin-top: -1rem !important;}&#8221;][\/vc_column][\/vc_row]<\/p>\n","protected":false},"excerpt":{"rendered":"<p>[vc_row][vc_column][vc_empty_space alter_height=&#8221;huge&#8221; hide_on_mobile=&#8221;&#8221;][vc_column_text]Mit unserer Betriebsgr\u00fcndung zum 01.01.2020 haben wir den Privatkundenbereich der Firma Metallbau Uwe Seck in Bad Camberg &#8211; Oberselters \u00fcbernommen. Wir sind aber nat\u00fcrlich auch f\u00fcr gewerbliche Kunden da. Zum dem 01.01.2024 haben wir unseren Standort nach Weilrod-Hasselbach&hellip;<\/p>\n","protected":false},"author":1,"featured_media":0,"parent":0,"menu_order":0,"comment_status":"closed","ping_status":"closed","template":"","meta":{"footnotes":""},"class_list":["post-39","page","type-page","status-publish","hentry"],"jetpack_sharing_enabled":true,"_links":{"self":[{"href":"https:\/\/metallbau-maurer.eu\/index.php?rest_route=\/wp\/v2\/pages\/39","targetHints":{"allow":["GET"]}}],"collection":[{"href":"https:\/\/metallbau-maurer.eu\/index.php?rest_route=\/wp\/v2\/pages"}],"about":[{"href":"https:\/\/metallbau-maurer.eu\/index.php?rest_route=\/wp\/v2\/types\/page"}],"author":[{"embeddable":true,"href":"https:\/\/metallbau-maurer.eu\/index.php?rest_route=\/wp\/v2\/users\/1"}],"replies":[{"embeddable":true,"href":"https:\/\/metallbau-maurer.eu\/index.php?rest_route=%2Fwp%2Fv2%2Fcomments&post=39"}],"version-history":[{"count":26,"href":"https:\/\/metallbau-maurer.eu\/index.php?rest_route=\/wp\/v2\/pages\/39\/revisions"}],"predecessor-version":[{"id":1612,"href":"https:\/\/metallbau-maurer.eu\/index.php?rest_route=\/wp\/v2\/pages\/39\/revisions\/1612"}],"wp:attachment":[{"href":"https:\/\/metallbau-maurer.eu\/index.php?rest_route=%2Fwp%2Fv2%2Fmedia&parent=39"}],"curies":[{"name":"wp","href":"https:\/\/api.w.org\/{rel}","templated":true}]}}